{"id":18,"date":"2017-10-23T12:30:17","date_gmt":"2017-10-23T15:30:17","guid":{"rendered":"http:\/\/www.multborr.com.br\/multborr\/?page_id=18"},"modified":"2022-11-08T10:59:31","modified_gmt":"2022-11-08T13:59:31","slug":"contato","status":"publish","type":"page","link":"https:\/\/www.multborr.com.br\/multborr\/contato\/","title":{"rendered":"Contato"},"content":{"rendered":"<h3>Atendimento:<\/h3>\n<p>A\u00a0MULTBORR possui uma equipe especializada pronta para atender aos clientes, desde a concep\u00e7\u00e3o do projeto at\u00e9 a entrega efetiva do produto final. Entre em contato conosco!<\/p>\n<p>Telefone: (32) 3221-3368<br \/>\nE-mail: contato@multborr.com.br<\/p>\n<h3>Localiza\u00e7\u00e3o:<\/h3>\n<p>Rua Ivan Batista de Oliveira, 241<br \/>\nJuiz de Fora \/ Milho Branco<br \/>\nMinas Gerais, Brasil<\/p>\n<p><iframe src=\"https:\/\/www.google.com\/maps\/embed?pb=!1m18!1m12!1m3!1d3706.0765474544583!2d-43.404025749250906!3d-21.738557902622823!2m3!1f0!2f0!3f0!3m2!1i1024!2i768!4f13.1!3m3!1m2!1s0x989c0374f35c93%3A0xf925367513720320!2sMultborr%20Ind.%20Com.%20Serv.%20Ltda.!5e0!3m2!1spt-BR!2sbr!4v1667915705731!5m2!1spt-BR!2sbr\" width=\"600\" height=\"450\" style=\"border:0;\" allowfullscreen=\"\" loading=\"lazy\" referrerpolicy=\"no-referrer-when-downgrade\"><\/iframe><\/p>\n","protected":false},"excerpt":{"rendered":"<p>Atendimento: A\u00a0MULTBORR possui uma equipe especializada pronta para atender aos clientes, desde a concep\u00e7\u00e3o do projeto at\u00e9 a entrega efetiva do produto final. Entre em contato conosco! Telefone: (32) 3221-3368 E-mail: contato@multborr.com.br Localiza\u00e7\u00e3o: Rua Ivan Batista de Oliveira, 241 Juiz de Fora \/ Milho Branco Minas Gerais, Brasil<\/p>\n","protected":false},"author":1,"featured_media":0,"parent":0,"menu_order":0,"comment_status":"closed","ping_status":"closed","template":"contato.php","meta":{"footnotes":""},"class_list":["post-18","page","type-page","status-publish","hentry"],"_links":{"self":[{"href":"https:\/\/www.multborr.com.br\/multborr\/wp-json\/wp\/v2\/pages\/18","targetHints":{"allow":["GET"]}}],"collection":[{"href":"https:\/\/www.multborr.com.br\/multborr\/wp-json\/wp\/v2\/pages"}],"about":[{"href":"https:\/\/www.multborr.com.br\/multborr\/wp-json\/wp\/v2\/types\/page"}],"author":[{"embeddable":true,"href":"https:\/\/www.multborr.com.br\/multborr\/wp-json\/wp\/v2\/users\/1"}],"replies":[{"embeddable":true,"href":"https:\/\/www.multborr.com.br\/multborr\/wp-json\/wp\/v2\/comments?post=18"}],"version-history":[{"count":1,"href":"https:\/\/www.multborr.com.br\/multborr\/wp-json\/wp\/v2\/pages\/18\/revisions"}],"predecessor-version":[{"id":140,"href":"https:\/\/www.multborr.com.br\/multborr\/wp-json\/wp\/v2\/pages\/18\/revisions\/140"}],"wp:attachment":[{"href":"https:\/\/www.multborr.com.br\/multborr\/wp-json\/wp\/v2\/media?parent=18"}],"curies":[{"name":"wp","href":"https:\/\/api.w.org\/{rel}","templated":true}]}}