{"id":15,"date":"2017-10-23T12:29:34","date_gmt":"2017-10-23T15:29:34","guid":{"rendered":"http:\/\/www.multborr.com.br\/multborr\/?page_id=15"},"modified":"2021-12-04T09:09:13","modified_gmt":"2021-12-04T12:09:13","slug":"produtos","status":"publish","type":"page","link":"https:\/\/www.multborr.com.br\/multborr\/produtos\/","title":{"rendered":"Produtos"},"content":{"rendered":"<h2>Artefatos de Borracha<\/h2>\n<h3>Evoluindo com o tempo<\/h3>\n<p>Especializada inicialmente em nacionaliza\u00e7\u00e3o de pe\u00e7as,\u00a0produ\u00e7\u00e3o e comercializa\u00e7\u00e3o de\u00a0artefatos de borracha para uso\u00a0industrial, agr\u00edcola e dom\u00e9stico.\u00a0A Multborr sabe que uma empresa s\u00e9ria precisa estar preparada para apresentar solu\u00e7\u00f5es com efici\u00eancia, rapidez e qualidade,\u00a0dispondo de equipamentos modernos e pessoal qualificado, dia-a-dia, buscando aperfei\u00e7oar seus produtos e servi\u00e7os.<\/p>\n<div class='content-column one_half'><h3>Efici\u00eancia<\/h3>\n<p>Nosso\u00a0atendimento \u00e9 personalizado,\u00a0focado na\u00a0aten\u00e7\u00e3o\u00a0que o cliente precisa e merece.\u00a0Nossa produ\u00e7\u00e3o atende clientes\u00a0 dos mais diversos ramos de atividades, para sanar a demanda de car\u00e1ter corretivo, preventivo e projetado.<\/p>\n<h3>Pe\u00e7as T\u00e9cnicas em Geral<\/h3>\n<p>Produzimos pe\u00e7as t\u00e9cnicas\u00a0para os mais variados servi\u00e7os, mediante especifica\u00e7\u00f5es, amostras ou desenhos. Podem ser produzidas em diversos tipos de materiais, tais como (e\/ou): Borracha Natural, EPDM, SBR, Nitr\u00edlica, Neoprene, Silicone, Viton, Poliuretano, Nylon, Celeron, Teflon, SAE, Inox, Alum\u00ednio, etc.<\/p><\/div>\n<div class='content-column one_half last_column'><div style=\"padding-left:30px;\"><h3>Qualidade<\/h3>\n<p>Nossa\u00a0produ\u00e7\u00e3o utiliza mat\u00e9ria-prima que d\u00ea garantia \u00e0 sua utiliza\u00e7\u00e3o, passando por testes de desempenho e durabilidade, n\u00e3o esquecendo que \u00e9 uma empresa que trabalha individualmente grande parte de suas pe\u00e7as, diferenciando a performance no mercado.<\/p>\n<h3>Rapidez<\/h3>\n<p>Temos a\u00a0 consci\u00eancia de que esse \u00e9 um fator primordial, portanto,\u00a0 mant\u00e9m um atendimento \u00e1gil aos clientes, para fabrica\u00e7\u00e3o e comercializa\u00e7\u00e3o dos produtos e servi\u00e7os.<\/p>\n<p>&nbsp;<\/p><\/div><\/div><div class='clear_column'><\/div>\n<p>&nbsp;<\/p>\n<h2>Variedade de Produtos<\/h2>\n<p>A MULTBORR \u00e9 especialista na fabrica\u00e7\u00e3o de itens emborrachados que s\u00e3o utilizados nos mais diversos tipos de ind\u00fastrias (com\u00e9rcio, servi\u00e7os, manuten\u00e7\u00e3o leve, manuten\u00e7\u00e3o pesada, minera\u00e7\u00e3o e outros). O cliente pode trazer a sua amostra para fabrica\u00e7\u00e3o, quanto desenvolver o seu projeto inteiramente conosco.<\/p>\n<h4>Diafragmas e Sanfonas<\/h4>\n<p>Os diagramas s\u00e3o usados em bombas de transporte de fluidos em geral. As sanfonas s\u00e3o para prote\u00e7\u00e3o das partes sens\u00edveis de sistemas e equipamentos sens\u00edveis a agentes externos.<\/p>\n<h4>O-Rings, Gaxetas e Retentores<\/h4>\n<p>Esses produtos s\u00e3o utilizados na veda\u00e7\u00e3o de eixos rotativos e membros estacion\u00e1rios, podem ser produzidos com insertos met\u00e1licos e blindados por total, com infinitos formatos e medidas.<\/p>\n<h4>Pe\u00e7as em Poliuretano<\/h4>\n<p>Tarugos, buchas, barras, placas, etc, s\u00e3o fornecidos para tornear, furar, fresar, ou produzidos conforme a necessidade do cliente quanto aos tamanhos, formas e durezas. Oferecemos tamb\u00e9m\u00a0 qualquer tipo de revestimento em rodas, cilindros para gr\u00e1ficas, tinturarias, pl\u00e1stico, papel, etc.<\/p>\n\n\t\t<style type=\"text\/css\">\n\t\t\t#gallery-1 {\n\t\t\t\tmargin: auto;\n\t\t\t}\n\t\t\t#gallery-1 .gallery-item {\n\t\t\t\tfloat: left;\n\t\t\t\tmargin-top: 10px;\n\t\t\t\ttext-align: center;\n\t\t\t\twidth: 16%;\n\t\t\t}\n\t\t\t#gallery-1 img {\n\t\t\t\tborder: 2px solid #cfcfcf;\n\t\t\t}\n\t\t\t#gallery-1 .gallery-caption {\n\t\t\t\tmargin-left: 0;\n\t\t\t}\n\t\t\t\/* see gallery_shortcode() in wp-includes\/media.php *\/\n\t\t<\/style>\n\t\t<div id='gallery-1' class='gallery galleryid-15 gallery-columns-6 gallery-size-thumbnail'><dl class='gallery-item'>\n\t\t\t<dt class='gallery-icon landscape'>\n\t\t\t\t<a class=\"box socialGallery\" data-titan-group=\"gallery\" data-titan-width=\"750\" href='https:\/\/www.multborr.com.br\/multborr\/wp-content\/uploads\/2017\/10\/BATENTE-2.jpg'><img decoding=\"async\" width=\"150\" height=\"150\" src=\"https:\/\/www.multborr.com.br\/multborr\/wp-content\/uploads\/2017\/10\/BATENTE-2-150x150.jpg\" class=\"attachment-thumbnail size-thumbnail\" alt=\"\" aria-describedby=\"gallery-1-58\" \/><\/a>\n\t\t\t<\/dt>\n\t\t\t\t<dd class='wp-caption-text gallery-caption' id='gallery-1-58'>\n\t\t\t\tBatente\n\t\t\t\t<\/dd><\/dl><dl class='gallery-item'>\n\t\t\t<dt class='gallery-icon landscape'>\n\t\t\t\t<a class=\"box socialGallery\" data-titan-group=\"gallery\" data-titan-width=\"750\" href='https:\/\/www.multborr.com.br\/multborr\/wp-content\/uploads\/2017\/10\/borrachas-MULTLAST.jpg'><img decoding=\"async\" width=\"150\" height=\"150\" src=\"https:\/\/www.multborr.com.br\/multborr\/wp-content\/uploads\/2017\/10\/borrachas-MULTLAST-150x150.jpg\" class=\"attachment-thumbnail size-thumbnail\" alt=\"\" aria-describedby=\"gallery-1-60\" \/><\/a>\n\t\t\t<\/dt>\n\t\t\t\t<dd class='wp-caption-text gallery-caption' id='gallery-1-60'>\n\t\t\t\tBorrachas Multlast\n\t\t\t\t<\/dd><\/dl><dl class='gallery-item'>\n\t\t\t<dt class='gallery-icon portrait'>\n\t\t\t\t<a class=\"box socialGallery\" data-titan-group=\"gallery\" data-titan-width=\"750\" href='https:\/\/www.multborr.com.br\/multborr\/wp-content\/uploads\/2017\/10\/cal\u00e1o-1.jpg'><img decoding=\"async\" width=\"150\" height=\"150\" src=\"https:\/\/www.multborr.com.br\/multborr\/wp-content\/uploads\/2017\/10\/cal\u00e1o-1-150x150.jpg\" class=\"attachment-thumbnail size-thumbnail\" alt=\"\" aria-describedby=\"gallery-1-61\" \/><\/a>\n\t\t\t<\/dt>\n\t\t\t\t<dd class='wp-caption-text gallery-caption' id='gallery-1-61'>\n\t\t\t\tBatente de borracha\n\t\t\t\t<\/dd><\/dl><dl class='gallery-item'>\n\t\t\t<dt class='gallery-icon landscape'>\n\t\t\t\t<a class=\"box socialGallery\" data-titan-group=\"gallery\" data-titan-width=\"750\" href='https:\/\/www.multborr.com.br\/multborr\/wp-content\/uploads\/2017\/10\/COIFA-DE-BORRACHA.jpg'><img loading=\"lazy\" decoding=\"async\" width=\"150\" height=\"150\" src=\"https:\/\/www.multborr.com.br\/multborr\/wp-content\/uploads\/2017\/10\/COIFA-DE-BORRACHA-150x150.jpg\" class=\"attachment-thumbnail size-thumbnail\" alt=\"\" aria-describedby=\"gallery-1-62\" srcset=\"https:\/\/www.multborr.com.br\/multborr\/wp-content\/uploads\/2017\/10\/COIFA-DE-BORRACHA-150x150.jpg 150w, https:\/\/www.multborr.com.br\/multborr\/wp-content\/uploads\/2017\/10\/COIFA-DE-BORRACHA.jpg 300w\" sizes=\"(max-width: 150px) 100vw, 150px\" \/><\/a>\n\t\t\t<\/dt>\n\t\t\t\t<dd class='wp-caption-text gallery-caption' id='gallery-1-62'>\n\t\t\t\tCoifa de Borracha\n\t\t\t\t<\/dd><\/dl><dl class='gallery-item'>\n\t\t\t<dt class='gallery-icon landscape'>\n\t\t\t\t<a class=\"box socialGallery\" data-titan-group=\"gallery\" data-titan-width=\"750\" href='https:\/\/www.multborr.com.br\/multborr\/wp-content\/uploads\/2017\/10\/coxim-1.jpg'><img loading=\"lazy\" decoding=\"async\" width=\"150\" height=\"150\" src=\"https:\/\/www.multborr.com.br\/multborr\/wp-content\/uploads\/2017\/10\/coxim-1-150x150.jpg\" class=\"attachment-thumbnail size-thumbnail\" alt=\"\" aria-describedby=\"gallery-1-63\" srcset=\"https:\/\/www.multborr.com.br\/multborr\/wp-content\/uploads\/2017\/10\/coxim-1-150x150.jpg 150w, https:\/\/www.multborr.com.br\/multborr\/wp-content\/uploads\/2017\/10\/coxim-1-300x300.jpg 300w, https:\/\/www.multborr.com.br\/multborr\/wp-content\/uploads\/2017\/10\/coxim-1.jpg 500w\" sizes=\"(max-width: 150px) 100vw, 150px\" \/><\/a>\n\t\t\t<\/dt>\n\t\t\t\t<dd class='wp-caption-text gallery-caption' id='gallery-1-63'>\n\t\t\t\tCal\u00e7os \/ Coxim\n\t\t\t\t<\/dd><\/dl><dl class='gallery-item'>\n\t\t\t<dt class='gallery-icon landscape'>\n\t\t\t\t<a class=\"box socialGallery\" data-titan-group=\"gallery\" data-titan-width=\"750\" href='https:\/\/www.multborr.com.br\/multborr\/wp-content\/uploads\/2017\/10\/DIAFRAGMA-1.jpg'><img loading=\"lazy\" decoding=\"async\" width=\"150\" height=\"150\" src=\"https:\/\/www.multborr.com.br\/multborr\/wp-content\/uploads\/2017\/10\/DIAFRAGMA-1-150x150.jpg\" class=\"attachment-thumbnail size-thumbnail\" alt=\"\" aria-describedby=\"gallery-1-64\" \/><\/a>\n\t\t\t<\/dt>\n\t\t\t\t<dd class='wp-caption-text gallery-caption' id='gallery-1-64'>\n\t\t\t\tDiafragma de Borracha\n\t\t\t\t<\/dd><\/dl><br style=\"clear: both\" \/><dl class='gallery-item'>\n\t\t\t<dt class='gallery-icon landscape'>\n\t\t\t\t<a class=\"box socialGallery\" data-titan-group=\"gallery\" data-titan-width=\"750\" href='https:\/\/www.multborr.com.br\/multborr\/wp-content\/uploads\/2017\/10\/gaxeta-1.jpg'><img loading=\"lazy\" decoding=\"async\" width=\"150\" height=\"150\" src=\"https:\/\/www.multborr.com.br\/multborr\/wp-content\/uploads\/2017\/10\/gaxeta-1-150x150.jpg\" class=\"attachment-thumbnail size-thumbnail\" alt=\"\" aria-describedby=\"gallery-1-65\" \/><\/a>\n\t\t\t<\/dt>\n\t\t\t\t<dd class='wp-caption-text gallery-caption' id='gallery-1-65'>\n\t\t\t\tGaxeta\n\t\t\t\t<\/dd><\/dl><dl class='gallery-item'>\n\t\t\t<dt class='gallery-icon portrait'>\n\t\t\t\t<a class=\"box socialGallery\" data-titan-group=\"gallery\" data-titan-width=\"750\" href='https:\/\/www.multborr.com.br\/multborr\/wp-content\/uploads\/2017\/10\/PASSADOR-DE-FIO-1.jpg'><img loading=\"lazy\" decoding=\"async\" width=\"150\" height=\"150\" src=\"https:\/\/www.multborr.com.br\/multborr\/wp-content\/uploads\/2017\/10\/PASSADOR-DE-FIO-1-150x150.jpg\" class=\"attachment-thumbnail size-thumbnail\" alt=\"\" aria-describedby=\"gallery-1-66\" \/><\/a>\n\t\t\t<\/dt>\n\t\t\t\t<dd class='wp-caption-text gallery-caption' id='gallery-1-66'>\n\t\t\t\tPassa fio de borracha\n\t\t\t\t<\/dd><\/dl><dl class='gallery-item'>\n\t\t\t<dt class='gallery-icon landscape'>\n\t\t\t\t<a class=\"box socialGallery\" data-titan-group=\"gallery\" data-titan-width=\"750\" href='https:\/\/www.multborr.com.br\/multborr\/wp-content\/uploads\/2017\/10\/PEZINHO-DE-EQUIPAMENTO.jpg'><img loading=\"lazy\" decoding=\"async\" width=\"150\" height=\"150\" src=\"https:\/\/www.multborr.com.br\/multborr\/wp-content\/uploads\/2017\/10\/PEZINHO-DE-EQUIPAMENTO-150x150.jpg\" class=\"attachment-thumbnail size-thumbnail\" alt=\"\" aria-describedby=\"gallery-1-67\" \/><\/a>\n\t\t\t<\/dt>\n\t\t\t\t<dd class='wp-caption-text gallery-caption' id='gallery-1-67'>\n\t\t\t\tP\u00e9s para Equipamentos\n\t\t\t\t<\/dd><\/dl><dl class='gallery-item'>\n\t\t\t<dt class='gallery-icon landscape'>\n\t\t\t\t<a class=\"box socialGallery\" data-titan-group=\"gallery\" data-titan-width=\"750\" href='https:\/\/www.multborr.com.br\/multborr\/wp-content\/uploads\/2017\/10\/PEZINHO-DE-MULETA-1.jpg'><img loading=\"lazy\" decoding=\"async\" width=\"150\" height=\"150\" src=\"https:\/\/www.multborr.com.br\/multborr\/wp-content\/uploads\/2017\/10\/PEZINHO-DE-MULETA-1-150x150.jpg\" class=\"attachment-thumbnail size-thumbnail\" alt=\"\" aria-describedby=\"gallery-1-68\" srcset=\"https:\/\/www.multborr.com.br\/multborr\/wp-content\/uploads\/2017\/10\/PEZINHO-DE-MULETA-1-150x150.jpg 150w, https:\/\/www.multborr.com.br\/multborr\/wp-content\/uploads\/2017\/10\/PEZINHO-DE-MULETA-1.jpg 225w\" sizes=\"(max-width: 150px) 100vw, 150px\" \/><\/a>\n\t\t\t<\/dt>\n\t\t\t\t<dd class='wp-caption-text gallery-caption' id='gallery-1-68'>\n\t\t\t\tP\u00e9s para Muletas\n\t\t\t\t<\/dd><\/dl><dl class='gallery-item'>\n\t\t\t<dt class='gallery-icon landscape'>\n\t\t\t\t<a class=\"box socialGallery\" data-titan-group=\"gallery\" data-titan-width=\"750\" href='https:\/\/www.multborr.com.br\/multborr\/wp-content\/uploads\/2017\/10\/PUNHO-DE-BORRACHA-1.jpg'><img loading=\"lazy\" decoding=\"async\" width=\"150\" height=\"150\" src=\"https:\/\/www.multborr.com.br\/multborr\/wp-content\/uploads\/2017\/10\/PUNHO-DE-BORRACHA-1-150x150.jpg\" class=\"attachment-thumbnail size-thumbnail\" alt=\"\" aria-describedby=\"gallery-1-69\" \/><\/a>\n\t\t\t<\/dt>\n\t\t\t\t<dd class='wp-caption-text gallery-caption' id='gallery-1-69'>\n\t\t\t\tPunho de Borracha\n\t\t\t\t<\/dd><\/dl><dl class='gallery-item'>\n\t\t\t<dt class='gallery-icon landscape'>\n\t\t\t\t<a class=\"box socialGallery\" data-titan-group=\"gallery\" data-titan-width=\"750\" href='https:\/\/www.multborr.com.br\/multborr\/wp-content\/uploads\/2017\/10\/RODA-1.jpg'><img loading=\"lazy\" decoding=\"async\" width=\"150\" height=\"150\" src=\"https:\/\/www.multborr.com.br\/multborr\/wp-content\/uploads\/2017\/10\/RODA-1-150x150.jpg\" class=\"attachment-thumbnail size-thumbnail\" alt=\"\" aria-describedby=\"gallery-1-71\" srcset=\"https:\/\/www.multborr.com.br\/multborr\/wp-content\/uploads\/2017\/10\/RODA-1-150x150.jpg 150w, https:\/\/www.multborr.com.br\/multborr\/wp-content\/uploads\/2017\/10\/RODA-1-300x300.jpg 300w, https:\/\/www.multborr.com.br\/multborr\/wp-content\/uploads\/2017\/10\/RODA-1.jpg 500w\" sizes=\"(max-width: 150px) 100vw, 150px\" \/><\/a>\n\t\t\t<\/dt>\n\t\t\t\t<dd class='wp-caption-text gallery-caption' id='gallery-1-71'>\n\t\t\t\tRoda\n\t\t\t\t<\/dd><\/dl><br style=\"clear: both\" \/><dl class='gallery-item'>\n\t\t\t<dt class='gallery-icon landscape'>\n\t\t\t\t<a class=\"box socialGallery\" data-titan-group=\"gallery\" data-titan-width=\"750\" href='https:\/\/www.multborr.com.br\/multborr\/wp-content\/uploads\/2017\/10\/SEDE-DE-VALVULA-1.jpg'><img loading=\"lazy\" decoding=\"async\" width=\"150\" height=\"150\" src=\"https:\/\/www.multborr.com.br\/multborr\/wp-content\/uploads\/2017\/10\/SEDE-DE-VALVULA-1-150x150.jpg\" class=\"attachment-thumbnail size-thumbnail\" alt=\"\" aria-describedby=\"gallery-1-72\" \/><\/a>\n\t\t\t<\/dt>\n\t\t\t\t<dd class='wp-caption-text gallery-caption' id='gallery-1-72'>\n\t\t\t\tSede de Valvula\n\t\t\t\t<\/dd><\/dl><dl class='gallery-item'>\n\t\t\t<dt class='gallery-icon portrait'>\n\t\t\t\t<a class=\"box socialGallery\" data-titan-group=\"gallery\" data-titan-width=\"750\" href='https:\/\/www.multborr.com.br\/multborr\/wp-content\/uploads\/2017\/10\/TAMP\u00abO-BORRACHA-VERMELHA.jpg'><img loading=\"lazy\" decoding=\"async\" width=\"150\" height=\"150\" src=\"https:\/\/www.multborr.com.br\/multborr\/wp-content\/uploads\/2017\/10\/TAMP\u00abO-BORRACHA-VERMELHA-150x150.jpg\" class=\"attachment-thumbnail size-thumbnail\" alt=\"\" aria-describedby=\"gallery-1-73\" \/><\/a>\n\t\t\t<\/dt>\n\t\t\t\t<dd class='wp-caption-text gallery-caption' id='gallery-1-73'>\n\t\t\t\tTamp\u00e3o de Borracha\n\t\t\t\t<\/dd><\/dl><dl class='gallery-item'>\n\t\t\t<dt class='gallery-icon landscape'>\n\t\t\t\t<a class=\"box socialGallery\" data-titan-group=\"gallery\" data-titan-width=\"750\" href='https:\/\/www.multborr.com.br\/multborr\/wp-content\/uploads\/2017\/10\/TUBO-1.jpg'><img loading=\"lazy\" decoding=\"async\" width=\"150\" height=\"150\" src=\"https:\/\/www.multborr.com.br\/multborr\/wp-content\/uploads\/2017\/10\/TUBO-1-150x150.jpg\" class=\"attachment-thumbnail size-thumbnail\" alt=\"\" aria-describedby=\"gallery-1-74\" srcset=\"https:\/\/www.multborr.com.br\/multborr\/wp-content\/uploads\/2017\/10\/TUBO-1-150x150.jpg 150w, https:\/\/www.multborr.com.br\/multborr\/wp-content\/uploads\/2017\/10\/TUBO-1.jpg 225w\" sizes=\"(max-width: 150px) 100vw, 150px\" \/><\/a>\n\t\t\t<\/dt>\n\t\t\t\t<dd class='wp-caption-text gallery-caption' id='gallery-1-74'>\n\t\t\t\tTubo de Borracha\n\t\t\t\t<\/dd><\/dl><dl class='gallery-item'>\n\t\t\t<dt class='gallery-icon portrait'>\n\t\t\t\t<a class=\"box socialGallery\" data-titan-group=\"gallery\" data-titan-width=\"750\" href='https:\/\/www.multborr.com.br\/multborr\/wp-content\/uploads\/2017\/10\/VEDA\u00c4\u00abO-PASTEURIZADOR-1.jpg'><img loading=\"lazy\" decoding=\"async\" width=\"150\" height=\"150\" src=\"https:\/\/www.multborr.com.br\/multborr\/wp-content\/uploads\/2017\/10\/VEDA\u00c4\u00abO-PASTEURIZADOR-1-150x150.jpg\" class=\"attachment-thumbnail size-thumbnail\" alt=\"\" aria-describedby=\"gallery-1-75\" \/><\/a>\n\t\t\t<\/dt>\n\t\t\t\t<dd class='wp-caption-text gallery-caption' id='gallery-1-75'>\n\t\t\t\tVeda\u00e7\u00e3o Pasteurizador\n\t\t\t\t<\/dd><\/dl><dl class='gallery-item'>\n\t\t\t<dt class='gallery-icon landscape'>\n\t\t\t\t<a class=\"box socialGallery\" data-titan-group=\"gallery\" data-titan-width=\"750\" href='https:\/\/www.multborr.com.br\/multborr\/wp-content\/uploads\/2017\/10\/anel-oring-1.jpg'><img loading=\"lazy\" decoding=\"async\" width=\"150\" height=\"150\" src=\"https:\/\/www.multborr.com.br\/multborr\/wp-content\/uploads\/2017\/10\/anel-oring-1-150x150.jpg\" class=\"attachment-thumbnail size-thumbnail\" alt=\"\" aria-describedby=\"gallery-1-56\" \/><\/a>\n\t\t\t<\/dt>\n\t\t\t\t<dd class='wp-caption-text gallery-caption' id='gallery-1-56'>\n\t\t\t\tAnel O&#8217; Ring\n\t\t\t\t<\/dd><\/dl><dl class='gallery-item'>\n\t\t\t<dt class='gallery-icon landscape'>\n\t\t\t\t<a class=\"box socialGallery\" data-titan-group=\"gallery\" data-titan-width=\"750\" href='https:\/\/www.multborr.com.br\/multborr\/wp-content\/uploads\/2017\/10\/BATENTE-1.jpg'><img loading=\"lazy\" decoding=\"async\" width=\"150\" height=\"150\" src=\"https:\/\/www.multborr.com.br\/multborr\/wp-content\/uploads\/2017\/10\/BATENTE-1-150x150.jpg\" class=\"attachment-thumbnail size-thumbnail\" alt=\"\" aria-describedby=\"gallery-1-57\" srcset=\"https:\/\/www.multborr.com.br\/multborr\/wp-content\/uploads\/2017\/10\/BATENTE-1-150x150.jpg 150w, https:\/\/www.multborr.com.br\/multborr\/wp-content\/uploads\/2017\/10\/BATENTE-1-300x300.jpg 300w, https:\/\/www.multborr.com.br\/multborr\/wp-content\/uploads\/2017\/10\/BATENTE-1.jpg 700w\" sizes=\"(max-width: 150px) 100vw, 150px\" \/><\/a>\n\t\t\t<\/dt>\n\t\t\t\t<dd class='wp-caption-text gallery-caption' id='gallery-1-57'>\n\t\t\t\tBatente\n\t\t\t\t<\/dd><\/dl><br style=\"clear: both\" \/>\n\t\t<\/div>\n\n<p>&nbsp;<\/p>\n<h2>Suprimentos Industriais<\/h2>\n<p>Em busca de atender cada dia melhor nossos clientes,\u00a0ampliamos nossas linhas de produtos nos associando a importantes fabricantes e assumimos o compromisso de fazer a distribui\u00e7\u00e3o de seus produtos em nossa \u00e0rea de atua\u00e7\u00e3o.\u00a0Somos hoje considerados o principal distribuidor de muitas das marcas que trabalhamos. Nossa pol\u00edtica \u00e9 vender produtos de qualidade com pre\u00e7os competitivos \u00e0 nivel global. Mantemos produtos de consumos de nossos clientes em estoque para prestar pronto atendimento. Temos equipe t\u00e9cnica capaz de desenvolver solu\u00e7\u00f5es, oferecendo redu\u00e7\u00e3o de custos com maior produtividade nos processos.<\/p>\n","protected":false},"excerpt":{"rendered":"<p>Artefatos de Borracha Evoluindo com o tempo Especializada inicialmente em nacionaliza\u00e7\u00e3o de pe\u00e7as,\u00a0produ\u00e7\u00e3o e comercializa\u00e7\u00e3o de\u00a0artefatos de borracha para uso\u00a0industrial, agr\u00edcola e dom\u00e9stico.\u00a0A Multborr sabe que uma empresa s\u00e9ria precisa estar preparada para apresentar solu\u00e7\u00f5es com efici\u00eancia, rapidez e qualidade,\u00a0dispondo de equipamentos modernos e pessoal qualificado, dia-a-dia, buscando aperfei\u00e7oar seus produtos e servi\u00e7os. &nbsp; Variedade de Produtos A MULTBORR \u00e9 especialista na fabrica\u00e7\u00e3o de itens emborrachados que s\u00e3o utilizados nos mais diversos tipos de ind\u00fastrias (com\u00e9rcio, servi\u00e7os, manuten\u00e7\u00e3o leve, manuten\u00e7\u00e3o pesada, minera\u00e7\u00e3o e outros). O cliente pode trazer a sua amostra para fabrica\u00e7\u00e3o, quanto desenvolver o seu projeto inteiramente conosco. Diafragmas e Sanfonas Os diagramas s\u00e3o usados em bombas de transporte de fluidos em geral. As sanfonas s\u00e3o para prote\u00e7\u00e3o das partes sens\u00edveis de sistemas e equipamentos sens\u00edveis a agentes externos. O-Rings, Gaxetas e Retentores Esses produtos s\u00e3o utilizados na veda\u00e7\u00e3o de eixos rotativos e membros estacion\u00e1rios, podem ser produzidos com insertos met\u00e1licos e blindados por total, com infinitos formatos e medidas. Pe\u00e7as em Poliuretano Tarugos, buchas, barras, placas, etc, s\u00e3o fornecidos para tornear, furar, fresar, ou produzidos conforme a necessidade do cliente quanto aos tamanhos, formas e durezas. Oferecemos tamb\u00e9m\u00a0 qualquer tipo de revestimento em rodas, cilindros para gr\u00e1ficas, tinturarias, pl\u00e1stico, papel, etc. &nbsp; Suprimentos Industriais Em busca de atender cada dia melhor nossos clientes,\u00a0ampliamos nossas linhas de produtos nos associando a importantes fabricantes e assumimos o compromisso de fazer a distribui\u00e7\u00e3o de seus produtos em nossa \u00e0rea de atua\u00e7\u00e3o.\u00a0Somos hoje considerados o principal distribuidor de muitas das marcas que trabalhamos. Nossa pol\u00edtica \u00e9 vender produtos de qualidade com pre\u00e7os competitivos \u00e0 nivel global. Mantemos produtos de consumos de nossos clientes em estoque para prestar pronto atendimento. Temos equipe t\u00e9cnica capaz de desenvolver solu\u00e7\u00f5es, oferecendo redu\u00e7\u00e3o de custos com maior produtividade nos processos.<\/p>\n","protected":false},"author":1,"featured_media":0,"parent":0,"menu_order":0,"comment_status":"closed","ping_status":"closed","template":"","meta":{"footnotes":""},"class_list":["post-15","page","type-page","status-publish","hentry"],"_links":{"self":[{"href":"https:\/\/www.multborr.com.br\/multborr\/wp-json\/wp\/v2\/pages\/15","targetHints":{"allow":["GET"]}}],"collection":[{"href":"https:\/\/www.multborr.com.br\/multborr\/wp-json\/wp\/v2\/pages"}],"about":[{"href":"https:\/\/www.multborr.com.br\/multborr\/wp-json\/wp\/v2\/types\/page"}],"author":[{"embeddable":true,"href":"https:\/\/www.multborr.com.br\/multborr\/wp-json\/wp\/v2\/users\/1"}],"replies":[{"embeddable":true,"href":"https:\/\/www.multborr.com.br\/multborr\/wp-json\/wp\/v2\/comments?post=15"}],"version-history":[{"count":1,"href":"https:\/\/www.multborr.com.br\/multborr\/wp-json\/wp\/v2\/pages\/15\/revisions"}],"predecessor-version":[{"id":55,"href":"https:\/\/www.multborr.com.br\/multborr\/wp-json\/wp\/v2\/pages\/15\/revisions\/55"}],"wp:attachment":[{"href":"https:\/\/www.multborr.com.br\/multborr\/wp-json\/wp\/v2\/media?parent=15"}],"curies":[{"name":"wp","href":"https:\/\/api.w.org\/{rel}","templated":true}]}}