{"id":13,"date":"2017-10-23T12:29:25","date_gmt":"2017-10-23T15:29:25","guid":{"rendered":"http:\/\/www.multborr.com.br\/multborr\/?page_id=13"},"modified":"2021-12-04T09:14:52","modified_gmt":"2021-12-04T12:14:52","slug":"servicos","status":"publish","type":"page","link":"https:\/\/www.multborr.com.br\/multborr\/servicos\/","title":{"rendered":"Servi\u00e7os"},"content":{"rendered":"<h2>O que podemos oferecer<\/h2>\n<blockquote><p>Ao tempo que precis\u00e1vamos atender nossas necessidades relativas \u00e0 manuten\u00e7\u00e3o de nossos equipamentos e fabrica\u00e7\u00e3o das matrizes que utilizamos para fabrica\u00e7\u00e3o de pe\u00e7as em borracha e metal-borracha, investimos em m\u00e1quinas para executar estes trabalhos e em qualifica\u00e7\u00e3o profissional em padr\u00f5es de alta qualidade.<\/p><\/blockquote>\n<p>Conseguimos ent\u00e3o disponibilizar esta estrutura para atender nossa demanda, e ainda, disponibilizando nossa estrutura a terceiros com os seguintes servi\u00e7os:<\/p>\n<div class='content-column one_half'><div style=\"padding-left:0px;\"><ul>\n<li>Usinagens de pe\u00e7as em Centro de Usinagem CNC.<\/li>\n<li>Torneamento de pe\u00e7as em sistema convencional ou CNC.<\/li>\n<li>Fabrica\u00e7\u00e3o de pe\u00e7as especiais em Materiais Met\u00e1licos ou Pl\u00e1sticos Industriais.<\/li>\n<li>Corte de Materiais Ferrosos em Oxi-Corte, Plasma\u00a0convencional e pantogr\u00e1fico.<\/li>\n<li>Cortes e dobras em chapas por sistema metal-mec\u00e2nico.<\/li>\n<li>Soldagem de materiais pelos processos MIG\/MAG, TIG e \u00e0 ponto.<\/li>\n<li>Reforma e manuten\u00e7\u00f5es somente\u00a0de equipamentos especiais e complexos para linhas produtivas.<\/li>\n<li>Afia\u00e7\u00e3o e Retifica\u00e7\u00e3o de pe\u00e7as planas ou cil\u00edndricas.<\/li>\n<li>Atuamos nos seguintes segmentos de mercados:Saneamento<\/li>\n<\/ul><\/div><\/div>\n<div class='content-column one_half last_column'><div style=\"padding-left:30px;\"><ul>\n<li>Minera\u00e7\u00e3o<\/li>\n<li>Sider\u00fargica<\/li>\n<li>Cir\u00fargica<\/li>\n<li>Hospitalar<\/li>\n<li>M\u00e9dica<\/li>\n<li>Metrovi\u00e1ria<\/li>\n<li>Aerovi\u00e1ria<\/li>\n<li>Ferrovi\u00e1ria<\/li>\n<li>N\u00e1utica<\/li>\n<li>Automobil\u00edstica<\/li>\n<li>Manuten\u00e7\u00f5es especiais\u00a0em Geral<\/li>\n<li>Entre outros segmentos que necessitem de alto conhecimento profissional&#8230;<\/li>\n<\/ul><\/div><\/div><div class='clear_column'><\/div>\n<p>Buscamos oferecer Servi\u00e7os e Produtos com a melhor rela\u00e7\u00e3o custo x benef\u00edcio, contamos com nossa equipe de t\u00e9cnicos altamente capacitados, pronta para atender aos chamados de nossos clientes. Nossa assessoria \u00e9 gratuita para todos os nossos clientes, basta contatar-nos e\u00a0solicitar uma visita e de nossos profissionais ir\u00e1\u00a0o mais breve poss\u00edvel\u00a0at\u00e9 sua empresa para atend\u00ea-lo, caso haja necessidade.<\/p>\n<p>&nbsp;<\/p>\n<h2>Usinagem<\/h2>\n<p>Temos em nosso parque fabril uma \u00e1rea de usinagem avan\u00e7ada, o que nos permite atender de maneira plena a demanda de nossos clientes, tanto na metalurgia quanto na fabrica\u00e7\u00e3o de produtos com ades\u00e3o metal-borracha.<\/p>\n\n\t\t<style type=\"text\/css\">\n\t\t\t#gallery-1 {\n\t\t\t\tmargin: auto;\n\t\t\t}\n\t\t\t#gallery-1 .gallery-item {\n\t\t\t\tfloat: left;\n\t\t\t\tmargin-top: 10px;\n\t\t\t\ttext-align: center;\n\t\t\t\twidth: 33%;\n\t\t\t}\n\t\t\t#gallery-1 img {\n\t\t\t\tborder: 2px solid #cfcfcf;\n\t\t\t}\n\t\t\t#gallery-1 .gallery-caption {\n\t\t\t\tmargin-left: 0;\n\t\t\t}\n\t\t\t\/* see gallery_shortcode() in wp-includes\/media.php *\/\n\t\t<\/style>\n\t\t<div id='gallery-1' class='gallery galleryid-13 gallery-columns-3 gallery-size-thumbnail'><dl class='gallery-item'>\n\t\t\t<dt class='gallery-icon landscape'>\n\t\t\t\t<a class=\"box socialGallery\" data-titan-group=\"gallery\" data-titan-width=\"750\" href='https:\/\/www.multborr.com.br\/multborr\/wp-content\/uploads\/2017\/10\/1.jpg'><img decoding=\"async\" width=\"150\" height=\"150\" src=\"https:\/\/www.multborr.com.br\/multborr\/wp-content\/uploads\/2017\/10\/1-150x150.jpg\" class=\"attachment-thumbnail size-thumbnail\" alt=\"\" \/><\/a>\n\t\t\t<\/dt><\/dl><dl class='gallery-item'>\n\t\t\t<dt class='gallery-icon landscape'>\n\t\t\t\t<a class=\"box socialGallery\" data-titan-group=\"gallery\" data-titan-width=\"750\" href='https:\/\/www.multborr.com.br\/multborr\/wp-content\/uploads\/2017\/10\/2.jpg'><img decoding=\"async\" width=\"150\" height=\"150\" src=\"https:\/\/www.multborr.com.br\/multborr\/wp-content\/uploads\/2017\/10\/2-150x150.jpg\" class=\"attachment-thumbnail size-thumbnail\" alt=\"\" \/><\/a>\n\t\t\t<\/dt><\/dl><dl class='gallery-item'>\n\t\t\t<dt class='gallery-icon landscape'>\n\t\t\t\t<a class=\"box socialGallery\" data-titan-group=\"gallery\" data-titan-width=\"750\" href='https:\/\/www.multborr.com.br\/multborr\/wp-content\/uploads\/2017\/10\/3.jpg'><img decoding=\"async\" width=\"150\" height=\"150\" src=\"https:\/\/www.multborr.com.br\/multborr\/wp-content\/uploads\/2017\/10\/3-150x150.jpg\" class=\"attachment-thumbnail size-thumbnail\" alt=\"\" \/><\/a>\n\t\t\t<\/dt><\/dl><br style=\"clear: both\" \/>\n\t\t<\/div>\n\n<p>&nbsp;<\/p>\n<h2>Revestimento de Cilindros<\/h2>\n<p>Na MULTBORR trabalhamos de maneira diferenciada a fabrica\u00e7\u00e3o de cilindros. O nosso processo permite a confec\u00e7\u00e3o de maneira personalizada, permitindo assim total ader\u00eancia ao especificado por nossos clientes, o que diferencia o nosso produto no mercado. O nosso parque fabril permite a fabrica\u00e7\u00e3o de cilindros de variados tamanhos e especifica\u00e7\u00f5es de borracha.<\/p>\n\n\t\t<style type=\"text\/css\">\n\t\t\t#gallery-2 {\n\t\t\t\tmargin: auto;\n\t\t\t}\n\t\t\t#gallery-2 .gallery-item {\n\t\t\t\tfloat: left;\n\t\t\t\tmargin-top: 10px;\n\t\t\t\ttext-align: center;\n\t\t\t\twidth: 33%;\n\t\t\t}\n\t\t\t#gallery-2 img {\n\t\t\t\tborder: 2px solid #cfcfcf;\n\t\t\t}\n\t\t\t#gallery-2 .gallery-caption {\n\t\t\t\tmargin-left: 0;\n\t\t\t}\n\t\t\t\/* see gallery_shortcode() in wp-includes\/media.php *\/\n\t\t<\/style>\n\t\t<div id='gallery-2' class='gallery galleryid-13 gallery-columns-3 gallery-size-thumbnail'><dl class='gallery-item'>\n\t\t\t<dt class='gallery-icon landscape'>\n\t\t\t\t<a class=\"box socialGallery\" data-titan-group=\"gallery\" data-titan-width=\"750\" href='https:\/\/www.multborr.com.br\/multborr\/wp-content\/uploads\/2017\/10\/1-1.jpg'><img loading=\"lazy\" decoding=\"async\" width=\"150\" height=\"150\" src=\"https:\/\/www.multborr.com.br\/multborr\/wp-content\/uploads\/2017\/10\/1-1-150x150.jpg\" class=\"attachment-thumbnail size-thumbnail\" alt=\"\" \/><\/a>\n\t\t\t<\/dt><\/dl><dl class='gallery-item'>\n\t\t\t<dt class='gallery-icon landscape'>\n\t\t\t\t<a class=\"box socialGallery\" data-titan-group=\"gallery\" data-titan-width=\"750\" href='https:\/\/www.multborr.com.br\/multborr\/wp-content\/uploads\/2017\/10\/2-1.jpg'><img loading=\"lazy\" decoding=\"async\" width=\"150\" height=\"150\" src=\"https:\/\/www.multborr.com.br\/multborr\/wp-content\/uploads\/2017\/10\/2-1-150x150.jpg\" class=\"attachment-thumbnail size-thumbnail\" alt=\"\" \/><\/a>\n\t\t\t<\/dt><\/dl><dl class='gallery-item'>\n\t\t\t<dt class='gallery-icon landscape'>\n\t\t\t\t<a class=\"box socialGallery\" data-titan-group=\"gallery\" data-titan-width=\"750\" href='https:\/\/www.multborr.com.br\/multborr\/wp-content\/uploads\/2017\/10\/3-1.jpg'><img loading=\"lazy\" decoding=\"async\" width=\"150\" height=\"150\" src=\"https:\/\/www.multborr.com.br\/multborr\/wp-content\/uploads\/2017\/10\/3-1-150x150.jpg\" class=\"attachment-thumbnail size-thumbnail\" alt=\"\" \/><\/a>\n\t\t\t<\/dt><\/dl><br style=\"clear: both\" \/>\n\t\t<\/div>\n\n","protected":false},"excerpt":{"rendered":"<p>O que podemos oferecer Ao tempo que precis\u00e1vamos atender nossas necessidades relativas \u00e0 manuten\u00e7\u00e3o de nossos equipamentos e fabrica\u00e7\u00e3o das matrizes que utilizamos para fabrica\u00e7\u00e3o de pe\u00e7as em borracha e metal-borracha, investimos em m\u00e1quinas para executar estes trabalhos e em qualifica\u00e7\u00e3o profissional em padr\u00f5es de alta qualidade. Conseguimos ent\u00e3o disponibilizar esta estrutura para atender nossa demanda, e ainda, disponibilizando nossa estrutura a terceiros com os seguintes servi\u00e7os: Buscamos oferecer Servi\u00e7os e Produtos com a melhor rela\u00e7\u00e3o custo x benef\u00edcio, contamos com nossa equipe de t\u00e9cnicos altamente capacitados, pronta para atender aos chamados de nossos clientes. Nossa assessoria \u00e9 gratuita para todos os nossos clientes, basta contatar-nos e\u00a0solicitar uma visita e de nossos profissionais ir\u00e1\u00a0o mais breve poss\u00edvel\u00a0at\u00e9 sua empresa para atend\u00ea-lo, caso haja necessidade. &nbsp; Usinagem Temos em nosso parque fabril uma \u00e1rea de usinagem avan\u00e7ada, o que nos permite atender de maneira plena a demanda de nossos clientes, tanto na metalurgia quanto na fabrica\u00e7\u00e3o de produtos com ades\u00e3o metal-borracha. &nbsp; Revestimento de Cilindros Na MULTBORR trabalhamos de maneira diferenciada a fabrica\u00e7\u00e3o de cilindros. O nosso processo permite a confec\u00e7\u00e3o de maneira personalizada, permitindo assim total ader\u00eancia ao especificado por nossos clientes, o que diferencia o nosso produto no mercado. O nosso parque fabril permite a fabrica\u00e7\u00e3o de cilindros de variados tamanhos e especifica\u00e7\u00f5es de borracha.<\/p>\n","protected":false},"author":1,"featured_media":0,"parent":0,"menu_order":0,"comment_status":"closed","ping_status":"closed","template":"","meta":{"footnotes":""},"class_list":["post-13","page","type-page","status-publish","hentry"],"_links":{"self":[{"href":"https:\/\/www.multborr.com.br\/multborr\/wp-json\/wp\/v2\/pages\/13","targetHints":{"allow":["GET"]}}],"collection":[{"href":"https:\/\/www.multborr.com.br\/multborr\/wp-json\/wp\/v2\/pages"}],"about":[{"href":"https:\/\/www.multborr.com.br\/multborr\/wp-json\/wp\/v2\/types\/page"}],"author":[{"embeddable":true,"href":"https:\/\/www.multborr.com.br\/multborr\/wp-json\/wp\/v2\/users\/1"}],"replies":[{"embeddable":true,"href":"https:\/\/www.multborr.com.br\/multborr\/wp-json\/wp\/v2\/comments?post=13"}],"version-history":[{"count":1,"href":"https:\/\/www.multborr.com.br\/multborr\/wp-json\/wp\/v2\/pages\/13\/revisions"}],"predecessor-version":[{"id":76,"href":"https:\/\/www.multborr.com.br\/multborr\/wp-json\/wp\/v2\/pages\/13\/revisions\/76"}],"wp:attachment":[{"href":"https:\/\/www.multborr.com.br\/multborr\/wp-json\/wp\/v2\/media?parent=13"}],"curies":[{"name":"wp","href":"https:\/\/api.w.org\/{rel}","templated":true}]}}